{"id":44,"date":"2020-10-15T14:56:24","date_gmt":"2020-10-15T12:56:24","guid":{"rendered":"http:\/\/knowledgecheckr.selectionarts.com\/?page_id=44"},"modified":"2020-11-02T16:09:58","modified_gmt":"2020-11-02T15:09:58","slug":"impressum","status":"publish","type":"page","link":"https:\/\/knowledgecheckr.selectionarts.com\/?page_id=44","title":{"rendered":"Impressum"},"content":{"rendered":"\t\t<div data-elementor-type=\"wp-page\" data-elementor-id=\"44\" class=\"elementor elementor-44\" data-elementor-settings=\"[]\">\n\t\t\t\t\t\t<div class=\"elementor-inner\">\n\t\t\t\t\t\t\t<div class=\"elementor-section-wrap\">\n\t\t\t\t\t\t\t<section class=\"elementor-section elementor-top-section elementor-element elementor-element-58725ec elementor-section-boxed elementor-section-height-default elementor-section-height-default\" data-id=\"58725ec\" data-element_type=\"section\">\n\t\t\t\t\t\t<div class=\"elementor-container elementor-column-gap-default\">\n\t\t\t\t\t\t\t<div class=\"elementor-row\">\n\t\t\t\t\t<div class=\"elementor-column elementor-col-100 elementor-top-column elementor-element elementor-element-9a0c3a0\" data-id=\"9a0c3a0\" data-element_type=\"column\">\n\t\t\t<div class=\"elementor-column-wrap elementor-element-populated\">\n\t\t\t\t\t\t\t<div class=\"elementor-widget-wrap\">\n\t\t\t\t\t\t<div class=\"elementor-element elementor-element-a2eb76c elementor-widget elementor-widget-heading\" data-id=\"a2eb76c\" data-element_type=\"widget\" data-widget_type=\"heading.default\">\n\t\t\t\t<div class=\"elementor-widget-container\">\n\t\t\t<h2 class=\"elementor-heading-title elementor-size-default\">Impressum<\/h2>\t\t<\/div>\n\t\t\t\t<\/div>\n\t\t\t\t\t\t<\/div>\n\t\t\t\t\t<\/div>\n\t\t<\/div>\n\t\t\t\t\t\t\t\t<\/div>\n\t\t\t\t\t<\/div>\n\t\t<\/section>\n\t\t\t\t<section class=\"elementor-section elementor-top-section elementor-element elementor-element-6adbd4a elementor-section-boxed elementor-section-height-default elementor-section-height-default\" data-id=\"6adbd4a\" data-element_type=\"section\">\n\t\t\t\t\t\t<div class=\"elementor-container elementor-column-gap-default\">\n\t\t\t\t\t\t\t<div class=\"elementor-row\">\n\t\t\t\t\t<div class=\"elementor-column elementor-col-100 elementor-top-column elementor-element elementor-element-d2c6123\" data-id=\"d2c6123\" data-element_type=\"column\">\n\t\t\t<div class=\"elementor-column-wrap elementor-element-populated\">\n\t\t\t\t\t\t\t<div class=\"elementor-widget-wrap\">\n\t\t\t\t\t\t<div class=\"elementor-element elementor-element-851ba27 elementor-widget elementor-widget-text-editor\" data-id=\"851ba27\" data-element_type=\"widget\" data-widget_type=\"text-editor.default\">\n\t\t\t\t<div class=\"elementor-widget-container\">\n\t\t\t\t\t<div class=\"elementor-text-editor elementor-clearfix\"><p><strong>SelectionArts Intelligent Decision Technologies Gmbh<\/strong><\/p><p><strong>Adresse<br \/><\/strong>Reininghausstra\u00dfe 47<br \/>8020 Graz<\/p><p><span style=\"font-weight: bold;\">Gesch\u00e4ftsf\u00fchrer<br \/><\/span>Mag. G\u00fcnter Brandner<strong><br \/><\/strong><\/p><p><strong>Kontakt<br \/><\/strong>Tel.: +43 (0) 699 12 66 58 45<\/p><p><strong>Rechtsform<br \/><\/strong>G.m.b.H<\/p><p><strong>Firmenbuchnummer<br \/><\/strong>FN 394679 k<\/p><p><strong>\u00a0<\/strong><\/p><p><strong>Inhalte<\/strong><br \/>Die Inhalte der Seiten wurden mit gr\u00f6\u00dfter Sorgfalt erstellt. Jedoch \u00fcbernimmt SelectionArts Intelligent Decision Technologies Gmbh keinerlei Verantwortung, Garantien oder Haftung f\u00fcr die Aktualit\u00e4t, Korrektheit, Vollst\u00e4ndigkeit oder Qualit\u00e4t der bereitgestellten Informationen.\u00a0SelectionArts Intelligent Decision Technologies\u00a0Gmbh beh\u00e4lt es sich ausdr\u00fccklich vor, Teile der Seiten oder das gesamte Angebot ohne gesonderte Ank\u00fcndigung zu ver\u00e4ndern, zu erg\u00e4nzen, zu l\u00f6schen oder die Ver\u00f6ffentlichung zeitweise oder endg\u00fcltig einzustellen.<\/p><p><strong>\u00a0<\/strong><\/p><p><strong>Markenrechtliche Hinweise<\/strong><br \/>iPhone, iPad, iTunes, Cocoa, iPod und iPod touch sind eingetragene Warenzeichen von Apple Inc..<br \/>MS Word, Windows sowie MS Excel sind eingetragene Warenzeichen von Microsoft Inc..<br \/>Android OS ist eingetragenes Warenzeichen von Google Inc..<\/p><p><strong>\u00a0<\/strong><\/p><p><strong>Markenrechtliche Hinweise<\/strong><br \/>Der Betreiber \u00fcbernimmt keine Haftung f\u00fcr den Inhalt verlinkter, \u201aexterner\u2018 Webseiten.<\/p><\/div>\n\t\t\t\t<\/div>\n\t\t\t\t<\/div>\n\t\t\t\t\t\t<\/div>\n\t\t\t\t\t<\/div>\n\t\t<\/div>\n\t\t\t\t\t\t\t\t<\/div>\n\t\t\t\t\t<\/div>\n\t\t<\/section>\n\t\t\t\t\t\t<\/div>\n\t\t\t\t\t\t<\/div>\n\t\t\t\t\t<\/div>\n\t\t","protected":false},"excerpt":{"rendered":"<p>Impressum SelectionArts Intelligent Decision Technologies Gmbh AdresseReininghausstra\u00dfe 478020 Graz Gesch\u00e4ftsf\u00fchrerMag. G\u00fcnter Brandner KontaktTel.: +43 (0) 699 12 66 58 45 RechtsformG.m.b.H FirmenbuchnummerFN 394679 k \u00a0 InhalteDie Inhalte der Seiten wurden mit gr\u00f6\u00dfter Sorgfalt erstellt. Jedoch \u00fcbernimmt SelectionArts Intelligent Decision Technologies Gmbh keinerlei Verantwortung, Garantien oder Haftung f\u00fcr die Aktualit\u00e4t, Korrektheit, Vollst\u00e4ndigkeit oder Qualit\u00e4t der bereitgestellten [&hellip;]<\/p>\n","protected":false},"author":2,"featured_media":0,"parent":0,"menu_order":0,"comment_status":"closed","ping_status":"closed","template":"","meta":[],"_links":{"self":[{"href":"https:\/\/knowledgecheckr.selectionarts.com\/index.php?rest_route=\/wp\/v2\/pages\/44"}],"collection":[{"href":"https:\/\/knowledgecheckr.selectionarts.com\/index.php?rest_route=\/wp\/v2\/pages"}],"about":[{"href":"https:\/\/knowledgecheckr.selectionarts.com\/index.php?rest_route=\/wp\/v2\/types\/page"}],"author":[{"embeddable":true,"href":"https:\/\/knowledgecheckr.selectionarts.com\/index.php?rest_route=\/wp\/v2\/users\/2"}],"replies":[{"embeddable":true,"href":"https:\/\/knowledgecheckr.selectionarts.com\/index.php?rest_route=%2Fwp%2Fv2%2Fcomments&post=44"}],"version-history":[{"count":15,"href":"https:\/\/knowledgecheckr.selectionarts.com\/index.php?rest_route=\/wp\/v2\/pages\/44\/revisions"}],"predecessor-version":[{"id":547,"href":"https:\/\/knowledgecheckr.selectionarts.com\/index.php?rest_route=\/wp\/v2\/pages\/44\/revisions\/547"}],"wp:attachment":[{"href":"https:\/\/knowledgecheckr.selectionarts.com\/index.php?rest_route=%2Fwp%2Fv2%2Fmedia&parent=44"}],"curies":[{"name":"wp","href":"https:\/\/api.w.org\/{rel}","templated":true}]}}